
{"id":5847,"date":"2025-07-22T12:01:09","date_gmt":"2025-07-22T10:01:09","guid":{"rendered":"https:\/\/unnimaffissu.it\/shop\/?post_type=product&#038;p=5847"},"modified":"2025-07-25T14:30:41","modified_gmt":"2025-07-25T12:30:41","slug":"telo-mare-in-spugna-tdm","status":"publish","type":"product","link":"https:\/\/unnimaffissu.it\/shop\/prodotto\/telo-mare-in-spugna-tdm\/","title":{"rendered":"Telo mare in spugna TDM"},"content":{"rendered":"<p>Telone Mare in spugna con stampa sublimatica \u2013 Comfort, Stile e Praticit\u00e0 Il nostro telo mare \u00e8 realizzato in una fibra tecnica che unisce le qualit\u00e0 di assorbenza tipiche della spugna di cotone alla leggerezza e compattezza della microfibra. Grazie a questa combinazione unica, offre: Elevata capacit\u00e0 di asciugatura Morbidezza al tatto e comfort durante l\u2019utilizzo Praticit\u00e0 e facilit\u00e0 di trasporto , grazie alla sua struttura compatta .<\/p>\n<p>Stampa: Singola, solo frontale Un telo perfetto per chi cerca qualit\u00e0, praticit\u00e0 e uno stile distintivo grazie alle nostre coloratissime teste di moro.<br \/>\nTessuto:\u00a0Velour 350. 50% cotone 50% poliestere velour. 350 grammi.<br \/>\nMisure: 78&#215;175 cm<\/p>\n","protected":false},"excerpt":{"rendered":"<p>Telone Mare in spugna con stampa sublimatica \u2013 Comfort, Stile e Praticit\u00e0 Il nostro telo mare \u00e8 realizzato in una fibra tecnica che unisce le qualit\u00e0 di assorbenza tipiche della spugna di cotone alla leggerezza e compattezza della microfibra. Grazie a questa combinazione unica, offre: Elevata capacit\u00e0 di asciugatura Morbidezza al tatto e comfort durante [&hellip;]<\/p>\n","protected":false},"featured_media":5881,"template":"","meta":[],"product_brand":[],"product_cat":[253,250],"product_tag":[],"class_list":{"0":"post-5847","1":"product","2":"type-product","3":"status-publish","4":"has-post-thumbnail","6":"product_cat-speciale-estate","7":"product_cat-merchandising","8":"product_shipping_class-corriere","10":"first","11":"instock","12":"taxable","13":"shipping-taxable","14":"purchasable","15":"product-type-variable"},"exclude_global_add_ons":[],"addons":[],"acf":[],"_links":{"self":[{"href":"https:\/\/unnimaffissu.it\/shop\/wp-json\/wp\/v2\/product\/5847","targetHints":{"allow":["GET"]}}],"collection":[{"href":"https:\/\/unnimaffissu.it\/shop\/wp-json\/wp\/v2\/product"}],"about":[{"href":"https:\/\/unnimaffissu.it\/shop\/wp-json\/wp\/v2\/types\/product"}],"wp:featuredmedia":[{"embeddable":true,"href":"https:\/\/unnimaffissu.it\/shop\/wp-json\/wp\/v2\/media\/5881"}],"wp:attachment":[{"href":"https:\/\/unnimaffissu.it\/shop\/wp-json\/wp\/v2\/media?parent=5847"}],"wp:term":[{"taxonomy":"product_brand","embeddable":true,"href":"https:\/\/unnimaffissu.it\/shop\/wp-json\/wp\/v2\/product_brand?post=5847"},{"taxonomy":"product_cat","embeddable":true,"href":"https:\/\/unnimaffissu.it\/shop\/wp-json\/wp\/v2\/product_cat?post=5847"},{"taxonomy":"product_tag","embeddable":true,"href":"https:\/\/unnimaffissu.it\/shop\/wp-json\/wp\/v2\/product_tag?post=5847"}],"curies":[{"name":"wp","href":"https:\/\/api.w.org\/{rel}","templated":true}]}}