
{"id":5850,"date":"2025-07-20T12:42:03","date_gmt":"2025-07-20T10:42:03","guid":{"rendered":"https:\/\/unnimaffissu.it\/shop\/?post_type=product&#038;p=5850"},"modified":"2025-11-22T15:06:39","modified_gmt":"2025-11-22T14:06:39","slug":"shopper-di-carta-tdm-amaru-unnimaffissu","status":"publish","type":"product","link":"https:\/\/unnimaffissu.it\/shop\/prodotto\/shopper-di-carta-tdm-amaru-unnimaffissu\/","title":{"rendered":"Shopper di carta TDM Amaru Unnimaffissu"},"content":{"rendered":"<p>La Busta Personalizzata Amaru Unnimaffissu<\/p>\n<p>Se cercate un regalo che vada oltre la solita busta, la nostra busta di carta personalizzata Amaru Unnimaffissu \u00e8 la scelta perfetta! Con una grafica esclusiva raffiguranti le nostre teste di moro e tutta la sicilianit\u00e0 che le contraddsitingue, aggiunge un tocco di eleganza e originalit\u00e0 al vostro pensiero, inoltre se volete, potrete anche cantare il nostro jingle, inquadrando il qrcode laterale.<\/p>\n<p>Sia che stiate celebrando un\u2019occasione speciale o semplicemente vogliate sorprendere qualcuno, questa busta unica \u00e8 un modo perfetto per rendere speciale ogni regalo. Aggiungi un tocco distintivo e unico al tuo regalo con un packaging che parla da s\u00e9.<\/p>\n","protected":false},"excerpt":{"rendered":"<p>Prezzo escluso spese di spedizione.<\/p>\n","protected":false},"featured_media":5851,"template":"","meta":[],"product_brand":[],"product_cat":[247,248,254],"product_tag":[167,291,292,193,237,238,293,177],"class_list":{"0":"post-5850","1":"product","2":"type-product","3":"status-publish","4":"has-post-thumbnail","6":"product_cat-bottiglie","7":"product_cat-confezioni-speciali","8":"product_cat-speciale-natale","9":"product_tag-amaru-unnimaffissu","10":"product_tag-busta","11":"product_tag-carta","12":"product_tag-idea-regalo","13":"product_tag-limoncello","14":"product_tag-limoncello-unnimaffissu","15":"product_tag-shopper","16":"product_tag-unnimaffissu","17":"product_shipping_class-corriere","19":"first","20":"instock","21":"purchasable","22":"product-type-simple"},"exclude_global_add_ons":[],"addons":[],"acf":[],"_links":{"self":[{"href":"https:\/\/unnimaffissu.it\/shop\/wp-json\/wp\/v2\/product\/5850","targetHints":{"allow":["GET"]}}],"collection":[{"href":"https:\/\/unnimaffissu.it\/shop\/wp-json\/wp\/v2\/product"}],"about":[{"href":"https:\/\/unnimaffissu.it\/shop\/wp-json\/wp\/v2\/types\/product"}],"wp:featuredmedia":[{"embeddable":true,"href":"https:\/\/unnimaffissu.it\/shop\/wp-json\/wp\/v2\/media\/5851"}],"wp:attachment":[{"href":"https:\/\/unnimaffissu.it\/shop\/wp-json\/wp\/v2\/media?parent=5850"}],"wp:term":[{"taxonomy":"product_brand","embeddable":true,"href":"https:\/\/unnimaffissu.it\/shop\/wp-json\/wp\/v2\/product_brand?post=5850"},{"taxonomy":"product_cat","embeddable":true,"href":"https:\/\/unnimaffissu.it\/shop\/wp-json\/wp\/v2\/product_cat?post=5850"},{"taxonomy":"product_tag","embeddable":true,"href":"https:\/\/unnimaffissu.it\/shop\/wp-json\/wp\/v2\/product_tag?post=5850"}],"curies":[{"name":"wp","href":"https:\/\/api.w.org\/{rel}","templated":true}]}}