
{"id":6922,"date":"2026-04-29T11:57:13","date_gmt":"2026-04-29T09:57:13","guid":{"rendered":"https:\/\/unnimaffissu.it\/shop\/?post_type=product&#038;p=6922"},"modified":"2026-04-29T12:09:16","modified_gmt":"2026-04-29T10:09:16","slug":"telo-mare-in-microspugna-amaru-unnimaffissu","status":"publish","type":"product","link":"https:\/\/unnimaffissu.it\/shop\/prodotto\/telo-mare-in-microspugna-amaru-unnimaffissu\/","title":{"rendered":"Telo mare in microspugna Amaru Unnimaffissu"},"content":{"rendered":"<p>Telone Mare in microspugna con stampa sublimatica \u2013 Comfort, Stile e Praticit\u00e0 Il nostro telo mare \u00e8 realizzato in una fibra tecnica che unisce le qualit\u00e0 di assorbenza tipiche della spugna di cotone alla leggerezza e compattezza della microfibra. Grazie a questa combinazione unica, offre: Elevata capacit\u00e0 di asciugatura Morbidezza al tatto e comfort durante l\u2019utilizzo Praticit\u00e0 e facilit\u00e0 di trasporto , grazie alla sua struttura compatta .<\/p>\n<p>Stampa: Singola, solo frontale Un telo perfetto per chi cerca qualit\u00e0, praticit\u00e0 e uno stile distintivo grazie alle nostra grafica che richiama la sicilianit\u00e0.<br \/>\nTessuto: cotone 400 gr. poliestere<br \/>\nMisure: 73&#215;190 cm<\/p>\n","protected":false},"excerpt":{"rendered":"<p>Telone Mare in microspugna con stampa sublimatica \u2013 Comfort, Stile e Praticit\u00e0 Il nostro telo mare \u00e8 realizzato in una fibra tecnica che unisce le qualit\u00e0 di assorbenza tipiche della spugna di cotone alla leggerezza e compattezza della microfibra. Grazie a questa combinazione unica, offre: Elevata capacit\u00e0 di asciugatura Morbidezza al tatto e comfort durante [&hellip;]<\/p>\n","protected":false},"featured_media":1675,"template":"","meta":[],"product_brand":[],"product_cat":[253,250],"product_tag":[],"class_list":{"0":"post-6922","1":"product","2":"type-product","3":"status-publish","4":"has-post-thumbnail","6":"product_cat-speciale-estate","7":"product_cat-merchandising","8":"product_shipping_class-corriere","10":"first","11":"instock","12":"taxable","13":"shipping-taxable","14":"purchasable","15":"product-type-simple"},"exclude_global_add_ons":[],"addons":[],"acf":[],"_links":{"self":[{"href":"https:\/\/unnimaffissu.it\/shop\/wp-json\/wp\/v2\/product\/6922","targetHints":{"allow":["GET"]}}],"collection":[{"href":"https:\/\/unnimaffissu.it\/shop\/wp-json\/wp\/v2\/product"}],"about":[{"href":"https:\/\/unnimaffissu.it\/shop\/wp-json\/wp\/v2\/types\/product"}],"wp:featuredmedia":[{"embeddable":true,"href":"https:\/\/unnimaffissu.it\/shop\/wp-json\/wp\/v2\/media\/1675"}],"wp:attachment":[{"href":"https:\/\/unnimaffissu.it\/shop\/wp-json\/wp\/v2\/media?parent=6922"}],"wp:term":[{"taxonomy":"product_brand","embeddable":true,"href":"https:\/\/unnimaffissu.it\/shop\/wp-json\/wp\/v2\/product_brand?post=6922"},{"taxonomy":"product_cat","embeddable":true,"href":"https:\/\/unnimaffissu.it\/shop\/wp-json\/wp\/v2\/product_cat?post=6922"},{"taxonomy":"product_tag","embeddable":true,"href":"https:\/\/unnimaffissu.it\/shop\/wp-json\/wp\/v2\/product_tag?post=6922"}],"curies":[{"name":"wp","href":"https:\/\/api.w.org\/{rel}","templated":true}]}}